{"id":2637,"date":"2025-05-27T12:41:55","date_gmt":"2025-05-27T16:41:55","guid":{"rendered":"https:\/\/worldtradeia.com\/products-in-demand\/"},"modified":"2025-10-22T11:36:17","modified_gmt":"2025-10-22T15:36:17","slug":"products-in-demand","status":"publish","type":"page","link":"https:\/\/worldtradeia.com\/en\/products-in-demand\/","title":{"rendered":"Products in demand"},"content":{"rendered":"<h1>Strategic product demand overview <strong>25-26 <\/strong><\/h1>\n<h1>\n<p>List of products in demand 2025\u20132026<\/p>\n<\/h1>\n<ul>\n<li>\n<h3>Agri-Food &#038; Beverages<\/h3>\n<div>\n<ul>\n<li>Huile d\u2019olive extra vierge<\/li>\n<li>Couscous et semoule<\/li>\n<li>Harissa et sauces \u00e9pic\u00e9e<\/li>\n<li>Fromages \u00e0 p\u00e2te dure<\/li>\n<li>Conserves de thon et sardines<\/li>\n<li><span>Riz Blanc biologique \u00e0 grains rond ou de type arborio\n<p><\/span><\/li>\n<li><strong>R\u00e9seau de distribution canadien<\/strong><br \/>Ail Garlic<br \/>Ananas Pineapple<br \/>Asperges Asparagus<br \/>Aubergines Eggplant<br \/>Bananes Bananas<br \/>Bleuets Blueberries<br \/>Brocoli Broccoli<br \/>Carottes Carrots<br \/>C\u00e9leri Celery<br \/>Cerises Cherries<br \/>Chou-fleur Cauliflower<br \/>Chou kale Kale<br \/>Choux de Bruxelles Brussels Sprouts<br \/>Citron Lemon<br \/>Cl\u00e9mentines Clementine<br \/>Concombre anglais English Cucumber<br \/>Coriandre Cilantro<br \/>Courge Squash<br \/>Courge musqu\u00e9e (butternut) Butternut Squash<br \/>Courgettes Zucchini<br \/>Courgettes jaunes Yellow Zucchini<br \/>Cantaloup Cantaloupe<br \/>\u00c9chalotes Shallots<br \/>Edamame Edamame<br \/>Fraises Strawberries<br \/>Framboises Raspberries<br \/>Gingembre Ginger<br \/>Haricots jaunes Yellow Beans<br \/>Haricots verts Green Beans<br \/>Ignames Yam<br \/>Kiwi Kiwi<br \/>Laitue Lettuce<br \/>Lime Lime<br \/>Ma\u00efs Corn<br \/>Mangues Mango<br \/>Mangues Ataulfo Ataulfo Mango<br \/>M\u00fbres Blackberries<br \/>Nectarines Nectarines<br \/>Oignons Onions<br \/>Oignons rouges Red Onions<br \/>Oignons verts Green Onions<br \/>Oranges Orange<br \/>Pamplemousses Grapefruit<br \/>Patates douces Sweet Potatoes<br \/>P\u00eaches Peaches<br \/>Poires Pears<br \/>Poires asiatiques Asian Pears<br \/>Poivron rouge Red Pepper<br \/>Poivron vert Green Pepper<br \/>Pommes de terre Potatoes <br \/>Radis Radish<br \/>Raisins Grapes<br \/>Rutabagas Rutabagas<br \/>Cl\u00e9mentines Clementines\n<\/li>\n<li>\n<p><strong>Fruits exotiques \/ Exotic Fruits<\/strong><\/p>\n<p>Abricot des Antilles West Indian Apricot<br \/>Acajou (Pomme d\u2019acajou \/ Cajou) Cashew Apple<br \/>Ac\u00e9rola Acerola \/ Barbados Cherry<br \/>Aki Ackee<br \/>Attier Custard Apple<br \/>Barbadine Giant Granadilla<br \/>Cacao Cacao \/ Cocoa<br \/>Carambole Starfruit<br \/>Cerise de Cayenne Cayenne Cherry<br \/>Cherimoya Cherimoya \/ Custard Apple<br \/>Corossol Soursop<br \/>Durian Durian<br \/>Feijoa Feijoa \/ Pineapple Guava<br \/>Fruit \u00e0 pain Breadfruit<br \/>Goyave Guava<br \/>Grenade Pomegranate<br \/>Grenadelle Sweet Granadilla<br \/>Icaque Coco Plum<br \/>Jacque Jackfruit<br \/>Jambose Rose Apple \/ Water Apple<br \/>Jujube Jujube<br \/>Kiwano Kiwano \/ Horned Melon<br \/>Kumquat Kumquat<br \/>Litchi Lychee<br \/>Longane Longan<br \/>Mangoustan Mangosteen<br \/>Maracudja Passion Fruit<br \/>Margose Bitter Melon<br \/>Mombin Hog Plum \/ Yellow Mombin<br \/>N\u00e8fle du Japon Loquat<br \/>Noix de coco Coconut<br \/>Pain de singe Baobab Fruit<br \/>Papaye Papaya<br \/>Pepino Pepino Melon<br \/>Physalis Physalis \/ Golden Berry<br \/>Pitaya (Fruit du dragon) Dragon Fruit<br \/>Pomme de lait Star Apple<br \/>Quenette Spanish Lime \/ Genip<br \/>Ramboutan Rambutan<br \/>Safou African Plum<br \/>Salak Snake Fruit<br \/>Sapote Sapote<br \/>Sapotille Sapodilla<br \/>Surelle Otaheite Gooseberry<br \/>Tamarillo Tree Tomato<br \/>Tamarin Tamarind<br \/>Taxo Banana Passion Fruit<br \/>Zatte Atemoya<\/p>\n<\/li>\n<\/ul>\n<\/div>\n<\/li>\n<li>\n<h3>Home Goods &#038; Accessories<\/h3>\n<div>\n<p data-start=\"662\" data-end=\"696\">Vaisselle d\u00e9corative<br \/>Luminaires suspendus<br \/>Coussins et rideaux<br \/>Petits \u00e9lectrom\u00e9nagers<br \/>Horloges murales<\/p>\n<\/div>\n<\/li>\n<li>\n<h3>Automotive &#038; Transportation<\/h3>\n<div>\n<p>Pi\u00e8ces de moteur<br \/>Pneus toutes saisons<\/p>\n<ul>\n<li>Tire 11R22.5 &#8211; 16PR DRIVE PATTERN Price: US$122.4 \/\u00a0<\/li>\n<li>Tire 11R22.5 &#8211; 16PR STEER PATTERN Price: US$118.4 \/\u00a0<\/li>\n<li>Tire 11R22.5 &#8211; 16PR ALL POSITION PATTERN Price: US$121.4 \/\u00a0<\/li>\n<li>Tire 295\/75R22.5 &#8211; 16PR DRIVE PATTERN Price: US$120.2 \/\u00a0<\/li>\n<li>Tire 295\/75R22.5 &#8211; 16PR STEER PATTERN Price: US$118.4 \/\u00a0<\/li>\n<li>Tire 295\/75R22.5 &#8211; 16PR ALL POSITION PATTERN Price: US$120.2 \/\u00a0<\/li>\n<li>Tire 285\/75R24.5 &#8211; 16PR DRIVE PATTERN Price: US$126.2 \/\u00a0<\/li>\n<li>Tire 285\/75R24.5 &#8211; 16PR STEER PATTERN Price: US$122.6 \/\u00a0<\/li>\n<li>Tire 285\/75R24.5 &#8211; 16PR ALL POSITION PATTERN Price: US$126.2 \/\u00a0<\/li>\n<li>Tire 11R24.5 &#8211; 16PR DRIVE PATTERN Price: US$129.2 \/\u00a0<\/li>\n<li>Tire 11R24.5 &#8211; 16PR STEER PATTERN Price: US$127.2 \/\u00a0<\/li>\n<li>Tire 11R24.5 &#8211; 16PR ALL POSITION PATTERN Price: US$130.2 \/\u00a0<\/li>\n<\/ul>\n<p>Batteries de v\u00e9hicules<br \/>Pare-chocs et carrosserie<br \/>\u00c9quipements maritimes et a\u00e9ronautiques<\/p>\n<\/div>\n<\/li>\n<li>\n<h3>Wines, Spirits &#038; Beverages<\/h3>\n<div>\n<p>Vins rouges et blancs<br \/>Bi\u00e8res artisanales<br \/>Tequila <br \/>Eau min\u00e9rale naturelle (France, Italie)<br \/>Caf\u00e9 et th\u00e9<\/p>\n<\/div>\n<\/li>\n<li>\n<h3>Construction &#038; Building Materials<\/h3>\n<div>\n<p>Bois d\u2019\u0153uvre<br \/>Tuiles et c\u00e9ramiques<br \/>Quincaillerie de construction<br \/>Panneaux de gypse<br \/>Colles et produits d\u2019\u00e9tanch\u00e9it\u00e9 <\/p>\n<\/div>\n<\/li>\n<li>\n<h3>Electronics &#038; Technology<\/h3>\n<div>\n<p><span>Circuits imprim\u00e9s<\/span><br \/><span>Connecteurs \u00e9lectroniques<\/span><br \/><span>Composants pour t\u00e9l\u00e9phones intelligents<\/span><br \/><span>Disques SSD et m\u00e9moires RAM<\/span><br \/><span>Tablettes et laptops<\/span><\/p>\n<\/div>\n<\/li>\n<\/ul>\n<ul>\n<li>\n<h3>Packaging &#038; Logistics<\/h3>\n<div>\n<p>Pellicule \u00e9tirable<br \/>Contenants alimentaires<br \/>Sacs en plastique biod\u00e9gradable<br \/>Bo\u00eetes de carton ondul\u00e9 <br \/>Caissettes et palettes en plastique<\/p>\n<\/div>\n<\/li>\n<li>\n<h3>Energy &#038; Environment<\/h3>\n<div>\n<p>Panneaux solaires<br \/>\u00c9oliennes domestiques<br \/>Batteries solaires<br \/>\u00c9quipements de compostage<br \/>R\u00e9servoirs \u00e0 eau de pluie<\/p>\n<\/div>\n<\/li>\n<li>\n<h3>Leisure, Sports &#038; Outdoor Equipment<\/h3>\n<div>\n<p>Kayaks et planches \u00e0 pagaie<br \/>Tapis de yoga<br \/>Ballons de sport<br \/>Baby-foot et tables de jeux<\/p>\n<\/div>\n<\/li>\n<li>\n<h3>Industrial Machinery &#038; Equipment<\/h3>\n<div>\n<p>Machines CNC<br \/>Pompes industrielles <br \/>G\u00e9n\u00e9rateurs portatifs<br \/>Compresseurs d\u2019air<br \/>Composants robotiques<\/p>\n<\/div>\n<\/li>\n<li>\n<h3>Furniture &#038; Interior Design<\/h3>\n<div>\n<p><span>Canap\u00e9s modulaires<\/span><br \/><span>Lits en bois massif<\/span><br \/><span>Lampes d\u00e9coratives<\/span><br \/><span>Miroirs design<\/span><br \/><span>Tapis tiss\u00e9s \u00e0 la main<\/span><\/p>\n<\/div>\n<\/li>\n<\/ul>\n<ul>\n<li>\n<h3>Fashion, Apparel &#038; Textiles<\/h3>\n<div>\n<p>Jeans et pantalons<br \/>Vestes en cuir<br \/>Chaussures de sport<br \/>Sacs \u00e0 main en simili<\/p>\n<\/div>\n<\/li>\n<li>\n<h3>Stationery &#038; Office Supplies<\/h3>\n<div>\n<p>Stylos et crayons<br \/>Cahiers scolaires <br \/>Papier recycl\u00e9<br \/>Imprimantes de bureau<br \/>Cartouches d\u2019encre<\/p>\n<\/div>\n<\/li>\n<li>\n<h3>Chemicals &#038; Raw Materials<\/h3>\n<div>\n<p>Solvants industriels<br \/>Acide citrique<br \/>R\u00e9sines thermoplastiques<br \/>Engrais sp\u00e9cialis\u00e9s<br \/>Pigments colorants<\/p>\n<\/div>\n<\/li>\n<li>\n<h3>Health &#038; Pharmaceutical products<\/h3>\n<div>\n<p>M\u00e9dicaments g\u00e9n\u00e9riques<br \/>Gants chirurgicaux<br \/>Masques N95<br \/>Instruments m\u00e9dicaux<br \/>Compl\u00e9ments alimentaires<\/p>\n<\/div>\n<\/li>\n<li>\n<h3>Safety, Security &#038; Defense<\/h3>\n<div>\n<p>Cam\u00e9ras de surveillance<br \/>Gilets pare-balles<br \/>Syst\u00e8mes d\u2019alarme<br \/>Drones de surveillance<br \/>Uniformes tactiques<\/p>\n<\/div>\n<\/li>\n<\/ul>\n<h1>\n<p>Expand your reach, discover new markets!<\/p>\n<\/h1>\n<p><p>\n        <a href=\"https:\/\/worldtradeia.com\/piotnetforms\/import\/\">Try us FREE of charge starting today!<\/a>\n    <\/p>\n<\/p>\n<p><!--more--><br \/>\n<!-- {\"type\":\"layout\",\"children\":[{\"type\":\"section\",\"props\":{\"image\":\"wp-content\\\/uploads\\\/2025\\\/05\\\/iStock-1467057091-scaled.jpg\",\"image_loading\":false,\"image_position\":\"center-center\",\"image_size\":\"cover\",\"media_overlay\":\"rgba(0, 0, 0, 0.41)\",\"padding\":\"small\",\"preserve_color\":false,\"style\":\"secondary\",\"title_breakpoint\":\"xl\",\"title_position\":\"top-left\",\"title_rotation\":\"left\",\"vertical_align\":\"middle\",\"width\":\"default\"},\"children\":[{\"type\":\"row\",\"children\":[{\"type\":\"column\",\"props\":{\"image_position\":\"center-center\",\"position_sticky_breakpoint\":\"m\",\"width_medium\":\"1-2\"},\"children\":[{\"type\":\"headline\",\"props\":{\"content\":\"Strategic product demand overview <strong>25-26 <\\\/strong>\",\"title_element\":\"h1\",\"title_style\":\"heading-medium\"}}]},{\"type\":\"column\",\"props\":{\"image_position\":\"center-center\",\"position_sticky_breakpoint\":\"m\",\"width_medium\":\"1-2\"}}],\"props\":{\"layout\":\"1-2,1-2\"}}]},{\"type\":\"section\",\"props\":{\"image_position\":\"center-center\",\"style\":\"default\",\"title_breakpoint\":\"xl\",\"title_position\":\"top-left\",\"title_rotation\":\"left\",\"vertical_align\":\"middle\",\"width\":\"default\"},\"children\":[{\"type\":\"row\",\"children\":[{\"type\":\"column\",\"props\":{\"image_position\":\"center-center\",\"position_sticky_breakpoint\":\"m\"},\"children\":[{\"type\":\"headline\",\"props\":{\"content\":\"\n\n<p>List of products in demand 2025\\u20132026<\\\/p>\",\"title_element\":\"h1\"}}]}]},{\"type\":\"row\",\"props\":{\"layout\":\"1-3,1-3,1-3\"},\"children\":[{\"type\":\"column\",\"props\":{\"image_position\":\"center-center\",\"position_sticky_breakpoint\":\"m\",\"width_medium\":\"1-3\"},\"children\":[{\"type\":\"accordion\",\"props\":{\"collapsible\":true,\"content_column_breakpoint\":\"m\",\"image_align\":\"top\",\"image_grid_breakpoint\":\"m\",\"image_grid_width\":\"1-2\",\"image_svg_color\":\"emphasis\",\"link_style\":\"default\",\"link_text\":\"Read more\",\"multiple\":true,\"show_image\":true,\"show_link\":true},\"children\":[{\"type\":\"accordion_item\",\"props\":{\"content\":\"\n\n<ul>\\n\n\n<li>Huile d\\u2019olive extra vierge<\\\/li>\\n\n\n<li>Couscous et semoule<\\\/li>\\n\n\n<li>Harissa et sauces \\u00e9pic\\u00e9e<\\\/li>\\n\n\n<li>Fromages \\u00e0 p\\u00e2te dure<\\\/li>\\n\n\n<li>Conserves de thon et sardines<\\\/li>\\n\n\n<li><span>Riz Blanc biologique \\u00e0 grains rond ou de type arborio<br \\\/><br \\\/><\\\/span><\\\/li>\\n\n\n<li><strong>R\\u00e9seau de distribution canadien<\\\/strong><br \\\/>Ail Garlic<br \\\/>Ananas Pineapple<br \\\/>Asperges Asparagus<br \\\/>Aubergines Eggplant<br \\\/>Bananes Bananas<br \\\/>Bleuets Blueberries<br \\\/>Brocoli Broccoli<br \\\/>Carottes Carrots<br \\\/>C\\u00e9leri Celery<br \\\/>Cerises Cherries<br \\\/>Chou-fleur Cauliflower<br \\\/>Chou kale Kale<br \\\/>Choux de Bruxelles Brussels Sprouts<br \\\/>Citron Lemon<br \\\/>Cl\\u00e9mentines Clementine<br \\\/>Concombre anglais English Cucumber<br \\\/>Coriandre Cilantro<br \\\/>Courge Squash<br \\\/>Courge musqu\\u00e9e (butternut) Butternut Squash<br \\\/>Courgettes Zucchini<br \\\/>Courgettes jaunes Yellow Zucchini<br \\\/>Cantaloup Cantaloupe<br \\\/>\\u00c9chalotes Shallots<br \\\/>Edamame Edamame<br \\\/>Fraises Strawberries<br \\\/>Framboises Raspberries<br \\\/>Gingembre Ginger<br \\\/>Haricots jaunes Yellow Beans<br \\\/>Haricots verts Green Beans<br \\\/>Ignames Yam<br \\\/>Kiwi Kiwi<br \\\/>Laitue Lettuce<br \\\/>Lime Lime<br \\\/>Ma\\u00efs Corn<br \\\/>Mangues Mango<br \\\/>Mangues Ataulfo Ataulfo Mango<br \\\/>M\\u00fbres Blackberries<br \\\/>Nectarines Nectarines<br \\\/>Oignons Onions<br \\\/>Oignons rouges Red Onions<br \\\/>Oignons verts Green Onions<br \\\/>Oranges Orange<br \\\/>Pamplemousses Grapefruit<br \\\/>Patates douces Sweet Potatoes<br \\\/>P\\u00eaches Peaches<br \\\/>Poires Pears<br \\\/>Poires asiatiques Asian Pears<br \\\/>Poivron rouge Red Pepper<br \\\/>Poivron vert Green Pepper<br \\\/>Pommes de terre Potatoes <br \\\/>Radis Radish<br \\\/>Raisins Grapes<br \\\/>Rutabagas Rutabagas<br \\\/>Cl\\u00e9mentines Clementines<br \\\/><br \\\/><\\\/li>\\n\n\n<li>\\n\n\n<p><strong>Fruits exotiques \\\/ Exotic Fruits<\\\/strong><\\\/p>\\n\n\n<p>Abricot des Antilles West Indian Apricot<br \\\/>Acajou (Pomme d\\u2019acajou \\\/ Cajou) Cashew Apple<br \\\/>Ac\\u00e9rola Acerola \\\/ Barbados Cherry<br \\\/>Aki Ackee<br \\\/>Attier Custard Apple<br \\\/>Barbadine Giant Granadilla<br \\\/>Cacao Cacao \\\/ Cocoa<br \\\/>Carambole Starfruit<br \\\/>Cerise de Cayenne Cayenne Cherry<br \\\/>Cherimoya Cherimoya \\\/ Custard Apple<br \\\/>Corossol Soursop<br \\\/>Durian Durian<br \\\/>Feijoa Feijoa \\\/ Pineapple Guava<br \\\/>Fruit \\u00e0 pain Breadfruit<br \\\/>Goyave Guava<br \\\/>Grenade Pomegranate<br \\\/>Grenadelle Sweet Granadilla<br \\\/>Icaque Coco Plum<br \\\/>Jacque Jackfruit<br \\\/>Jambose Rose Apple \\\/ Water Apple<br \\\/>Jujube Jujube<br \\\/>Kiwano Kiwano \\\/ Horned Melon<br \\\/>Kumquat Kumquat<br \\\/>Litchi Lychee<br \\\/>Longane Longan<br \\\/>Mangoustan Mangosteen<br \\\/>Maracudja Passion Fruit<br \\\/>Margose Bitter Melon<br \\\/>Mombin Hog Plum \\\/ Yellow Mombin<br \\\/>N\\u00e8fle du Japon Loquat<br \\\/>Noix de coco Coconut<br \\\/>Pain de singe Baobab Fruit<br \\\/>Papaye Papaya<br \\\/>Pepino Pepino Melon<br \\\/>Physalis Physalis \\\/ Golden Berry<br \\\/>Pitaya (Fruit du dragon) Dragon Fruit<br \\\/>Pomme de lait Star Apple<br \\\/>Quenette Spanish Lime \\\/ Genip<br \\\/>Ramboutan Rambutan<br \\\/>Safou African Plum<br \\\/>Salak Snake Fruit<br \\\/>Sapote Sapote<br \\\/>Sapotille Sapodilla<br \\\/>Surelle Otaheite Gooseberry<br \\\/>Tamarillo Tree Tomato<br \\\/>Tamarin Tamarind<br \\\/>Taxo Banana Passion Fruit<br \\\/>Zatte Atemoya<\\\/p>\\n<\\\/li>\\n<\\\/ul>\",\"title\":\"Agri-Food & Beverages\"}},{\"type\":\"accordion_item\",\"props\":{\"content\":\"\n\n<p data-start=\\\"662\\\" data-end=\\\"696\\\">Vaisselle d\\u00e9corative<br \\\/>Luminaires suspendus<br \\\/>Coussins et rideaux<br \\\/>Petits \\u00e9lectrom\\u00e9nagers<br \\\/>Horloges murales<\\\/p>\",\"title\":\"Home Goods & Accessories\"}},{\"type\":\"accordion_item\",\"props\":{\"content\":\"\n\n<p>Pi\\u00e8ces de moteur<br \\\/>Pneus toutes saisons<\\\/p>\\n\n\n<ul>\\n\n\n<li>Tire 11R22.5 - 16PR DRIVE PATTERN Price: US$122.4 \\\/\\u00a0<\\\/li>\\n\n\n<li>Tire 11R22.5 - 16PR STEER PATTERN Price: US$118.4 \\\/\\u00a0<\\\/li>\\n\n\n<li>Tire 11R22.5 - 16PR ALL POSITION PATTERN Price: US$121.4 \\\/\\u00a0<\\\/li>\\n\n\n<li>Tire 295\\\/75R22.5 - 16PR DRIVE PATTERN Price: US$120.2 \\\/\\u00a0<\\\/li>\\n\n\n<li>Tire 295\\\/75R22.5 - 16PR STEER PATTERN Price: US$118.4 \\\/\\u00a0<\\\/li>\\n\n\n<li>Tire 295\\\/75R22.5 - 16PR ALL POSITION PATTERN Price: US$120.2 \\\/\\u00a0<\\\/li>\\n\n\n<li>Tire 285\\\/75R24.5 - 16PR DRIVE PATTERN Price: US$126.2 \\\/\\u00a0<\\\/li>\\n\n\n<li>Tire 285\\\/75R24.5 - 16PR STEER PATTERN Price: US$122.6 \\\/\\u00a0<\\\/li>\\n\n\n<li>Tire 285\\\/75R24.5 - 16PR ALL POSITION PATTERN Price: US$126.2 \\\/\\u00a0<\\\/li>\\n\n\n<li>Tire 11R24.5 - 16PR DRIVE PATTERN Price: US$129.2 \\\/\\u00a0<\\\/li>\\n\n\n<li>Tire 11R24.5 - 16PR STEER PATTERN Price: US$127.2 \\\/\\u00a0<\\\/li>\\n\n\n<li>Tire 11R24.5 - 16PR ALL POSITION PATTERN Price: US$130.2 \\\/\\u00a0<\\\/li>\\n<\\\/ul>\\n\n\n<p><br \\\/>Batteries de v\\u00e9hicules<br \\\/>Pare-chocs et carrosserie<br \\\/>\\u00c9quipements maritimes et a\\u00e9ronautiques<\\\/p>\",\"title\":\"Automotive & Transportation\"}},{\"type\":\"accordion_item\",\"props\":{\"content\":\"\n\n<p>Vins rouges et blancs<br \\\/>Bi\\u00e8res artisanales<br \\\/>Tequila <br \\\/>Eau min\\u00e9rale naturelle (France, Italie)<br \\\/>Caf\\u00e9 et th\\u00e9<\\\/p>\",\"title\":\"Wines, Spirits & Beverages\"}},{\"type\":\"accordion_item\",\"props\":{\"content\":\"\n\n<p>Bois d\\u2019\\u0153uvre<br \\\/>Tuiles et c\\u00e9ramiques<br \\\/>Quincaillerie de construction<br \\\/>Panneaux de gypse<br \\\/>Colles et produits d\\u2019\\u00e9tanch\\u00e9it\\u00e9 <\\\/p>\",\"title\":\"Construction & Building Materials\"}},{\"type\":\"accordion_item\",\"props\":{\"content\":\"\n\n<p><span>Circuits imprim\\u00e9s<\\\/span><br \\\/><span>Connecteurs \\u00e9lectroniques<\\\/span><br \\\/><span>Composants pour t\\u00e9l\\u00e9phones intelligents<\\\/span><br \\\/><span>Disques SSD et m\\u00e9moires RAM<\\\/span><br \\\/><span>Tablettes et laptops<\\\/span><\\\/p>\",\"title\":\"Electronics & Technology\"}}]}]},{\"type\":\"column\",\"props\":{\"image_position\":\"center-center\",\"position_sticky_breakpoint\":\"m\",\"width_medium\":\"1-3\"},\"children\":[{\"type\":\"accordion\",\"props\":{\"collapsible\":true,\"content_column_breakpoint\":\"m\",\"image_align\":\"top\",\"image_grid_breakpoint\":\"m\",\"image_grid_width\":\"1-2\",\"image_svg_color\":\"emphasis\",\"link_style\":\"default\",\"link_text\":\"Read more\",\"show_image\":true,\"show_link\":true},\"children\":[{\"type\":\"accordion_item\",\"props\":{\"content\":\"\n\n<p>Pellicule \\u00e9tirable<br \\\/>Contenants alimentaires<br \\\/>Sacs en plastique biod\\u00e9gradable<br \\\/>Bo\\u00eetes de carton ondul\\u00e9 <br \\\/>Caissettes et palettes en plastique<\\\/p>\",\"title\":\"Packaging & Logistics\"}},{\"type\":\"accordion_item\",\"props\":{\"content\":\"\n\n<p>Panneaux solaires<br \\\/>\\u00c9oliennes domestiques<br \\\/>Batteries solaires<br \\\/>\\u00c9quipements de compostage<br \\\/>R\\u00e9servoirs \\u00e0 eau de pluie<\\\/p>\",\"title\":\"Energy & Environment\"}},{\"type\":\"accordion_item\",\"props\":{\"content\":\"\n\n<p>Kayaks et planches \\u00e0 pagaie<br \\\/>Tapis de yoga<br \\\/>Ballons de sport<br \\\/>Baby-foot et tables de jeux<\\\/p>\",\"title\":\"Leisure, Sports & Outdoor Equipment\"}},{\"type\":\"accordion_item\",\"props\":{\"content\":\"\n\n<p>Machines CNC<br \\\/>Pompes industrielles <br \\\/>G\\u00e9n\\u00e9rateurs portatifs<br \\\/>Compresseurs d\\u2019air<br \\\/>Composants robotiques<\\\/p>\",\"title\":\"Industrial Machinery & Equipment\"}},{\"type\":\"accordion_item\",\"props\":{\"content\":\"\n\n<p><span>Canap\\u00e9s modulaires<\\\/span><br \\\/><span>Lits en bois massif<\\\/span><br \\\/><span>Lampes d\\u00e9coratives<\\\/span><br \\\/><span>Miroirs design<\\\/span><br \\\/><span>Tapis tiss\\u00e9s \\u00e0 la main<\\\/span><\\\/p>\",\"title\":\"Furniture & Interior Design\"}}]}]},{\"type\":\"column\",\"props\":{\"image_position\":\"center-center\",\"position_sticky_breakpoint\":\"m\",\"width_medium\":\"1-3\"},\"children\":[{\"type\":\"accordion\",\"props\":{\"collapsible\":true,\"content_column_breakpoint\":\"m\",\"image_align\":\"top\",\"image_grid_breakpoint\":\"m\",\"image_grid_width\":\"1-2\",\"image_svg_color\":\"emphasis\",\"link_style\":\"default\",\"link_text\":\"Read more\",\"show_image\":true,\"show_link\":true},\"children\":[{\"type\":\"accordion_item\",\"props\":{\"content\":\"\n\n<p>Jeans et pantalons<br \\\/>Vestes en cuir<br \\\/>Chaussures de sport<br \\\/>Sacs \\u00e0 main en simili<br \\\/><br \\\/><\\\/p>\",\"title\":\"Fashion, Apparel & Textiles\"}},{\"type\":\"accordion_item\",\"props\":{\"content\":\"\n\n<p>Stylos et crayons<br \\\/>Cahiers scolaires <br \\\/>Papier recycl\\u00e9<br \\\/>Imprimantes de bureau<br \\\/>Cartouches d\\u2019encre<\\\/p>\",\"title\":\"Stationery & Office Supplies\"}},{\"type\":\"accordion_item\",\"props\":{\"content\":\"\n\n<p>Solvants industriels<br \\\/>Acide citrique<br \\\/>R\\u00e9sines thermoplastiques<br \\\/>Engrais sp\\u00e9cialis\\u00e9s<br \\\/>Pigments colorants<\\\/p>\",\"title\":\"Chemicals & Raw Materials\"}},{\"type\":\"accordion_item\",\"props\":{\"content\":\"\n\n<p>M\\u00e9dicaments g\\u00e9n\\u00e9riques<br \\\/>Gants chirurgicaux<br \\\/>Masques N95<br \\\/>Instruments m\\u00e9dicaux<br \\\/>Compl\\u00e9ments alimentaires<\\\/p>\",\"title\":\"Health & Pharmaceutical products\"}},{\"type\":\"accordion_item\",\"props\":{\"content\":\"\n\n<p>Cam\\u00e9ras de surveillance<br \\\/>Gilets pare-balles<br \\\/>Syst\\u00e8mes d\\u2019alarme<br \\\/>Drones de surveillance<br \\\/>Uniformes tactiques<\\\/p>\",\"title\":\"Safety, Security & Defense\"}}]}]}]}]},{\"type\":\"section\",\"props\":{\"image\":\"wp-content\\\/uploads\\\/photo-1695144244472-a4543101ef35-scaled.jpg\",\"image_position\":\"center-center\",\"image_size\":\"cover\",\"style\":\"secondary\",\"title_breakpoint\":\"xl\",\"title_position\":\"top-left\",\"title_rotation\":\"left\",\"vertical_align\":\"middle\",\"width\":\"default\"},\"children\":[{\"type\":\"row\",\"children\":[{\"type\":\"column\",\"props\":{\"image_position\":\"center-center\",\"position_sticky_breakpoint\":\"m\"},\"children\":[{\"type\":\"headline\",\"props\":{\"content\":\"\n\n<p>Expand your reach, discover new markets!<\\\/p>\",\"id\":\"recherche gracieusement\",\"text_align\":\"center\",\"title_element\":\"h1\",\"title_style\":\"heading-large\"}},{\"type\":\"button\",\"props\":{\"button_size\":\"large\",\"grid_column_gap\":\"small\",\"grid_row_gap\":\"\",\"margin\":\"default\",\"text_align\":\"center\"},\"children\":[{\"type\":\"button_item\",\"props\":{\"button_style\":\"default\",\"content\":\"Try us FREE of charge starting today!\",\"dialog_layout\":\"modal\",\"dialog_offcanvas_flip\":true,\"icon_align\":\"left\",\"link\":\"piotnetforms\\\/import\\\/\"}}]}]}]}]}],\"version\":\"4.5.31\"} --><\/p>\n","protected":false},"excerpt":{"rendered":"<p>Strategic product demand overview 25-26 List of products in demand 2025\u20132026 Agri-Food &#038; Beverages Huile d\u2019olive extra vierge Couscous et semoule Harissa et sauces \u00e9pic\u00e9e Fromages \u00e0 p\u00e2te dure Conserves de thon et sardines Riz Blanc biologique \u00e0 grains rond ou de type arborio R\u00e9seau de distribution canadienAil GarlicAnanas PineappleAsperges AsparagusAubergines EggplantBananes BananasBleuets BlueberriesBrocoli BroccoliCarottes [&hellip;]<\/p>\n","protected":false},"author":2,"featured_media":0,"parent":0,"menu_order":0,"comment_status":"closed","ping_status":"closed","template":"","meta":{"_acf_changed":false,"_uag_custom_page_level_css":"","footnotes":""},"class_list":["post-2637","page","type-page","status-publish","hentry"],"acf":[],"uagb_featured_image_src":{"full":false,"thumbnail":false,"medium":false,"medium_large":false,"large":false,"1536x1536":false,"2048x2048":false,"gform-image-choice-sm":false,"gform-image-choice-md":false,"gform-image-choice-lg":false},"uagb_author_info":{"display_name":"Julie Aedo Bouchard","author_link":"https:\/\/worldtradeia.com\/en\/author\/julieaedo\/"},"uagb_comment_info":0,"uagb_excerpt":"Strategic product demand overview 25-26 List of products in demand 2025\u20132026 Agri-Food &#038; Beverages Huile d\u2019olive extra vierge Couscous et semoule Harissa et sauces \u00e9pic\u00e9e Fromages \u00e0 p\u00e2te dure Conserves de thon et sardines Riz Blanc biologique \u00e0 grains rond ou de type arborio R\u00e9seau de distribution canadienAil GarlicAnanas PineappleAsperges AsparagusAubergines EggplantBananes BananasBleuets BlueberriesBrocoli BroccoliCarottes&hellip;","_links":{"self":[{"href":"https:\/\/worldtradeia.com\/en\/wp-json\/wp\/v2\/pages\/2637","targetHints":{"allow":["GET"]}}],"collection":[{"href":"https:\/\/worldtradeia.com\/en\/wp-json\/wp\/v2\/pages"}],"about":[{"href":"https:\/\/worldtradeia.com\/en\/wp-json\/wp\/v2\/types\/page"}],"author":[{"embeddable":true,"href":"https:\/\/worldtradeia.com\/en\/wp-json\/wp\/v2\/users\/2"}],"replies":[{"embeddable":true,"href":"https:\/\/worldtradeia.com\/en\/wp-json\/wp\/v2\/comments?post=2637"}],"version-history":[{"count":4,"href":"https:\/\/worldtradeia.com\/en\/wp-json\/wp\/v2\/pages\/2637\/revisions"}],"predecessor-version":[{"id":2642,"href":"https:\/\/worldtradeia.com\/en\/wp-json\/wp\/v2\/pages\/2637\/revisions\/2642"}],"wp:attachment":[{"href":"https:\/\/worldtradeia.com\/en\/wp-json\/wp\/v2\/media?parent=2637"}],"curies":[{"name":"wp","href":"https:\/\/api.w.org\/{rel}","templated":true}]}}